{"id":7366,"date":"2015-11-18T08:37:53","date_gmt":"2015-11-18T08:37:53","guid":{"rendered":"http:\/\/interior-design.cmsmasters.net\/?page_id=7366"},"modified":"2021-09-05T04:49:03","modified_gmt":"2021-09-05T04:49:03","slug":"home-store","status":"publish","type":"page","link":"https:\/\/www.lexpro.mx\/respaldo\/","title":{"rendered":"LEXPRO"},"content":{"rendered":"[cmsmasters_row data_padding_bottom=&#8221;0&#8243; data_padding_top=&#8221;0&#8243; data_color=&#8221;default&#8221; data_bot_style=&#8221;default&#8221; data_top_style=&#8221;default&#8221; data_padding_right=&#8221;0&#8243; data_padding_left=&#8221;0&#8243; data_width=&#8221;fullwidth&#8221; data_shortcode_id=&#8221;add9d56971&#8243;][cmsmasters_column data_width=&#8221;1\/1&#8243; data_shortcode_id=&#8221;53cea9b554&#8243;]<\/p>\n<p>[cmsmasters_slider shortcode_id=&#8221;455938621b&#8221; slider_plugin=&#8221;rev&#8221; slider_rev=&#8221;Home App Slider&#8221;]<\/p>\n<p>[\/cmsmasters_column][\/cmsmasters_row][cmsmasters_row data_padding_bottom=&#8221;0&#8243; data_padding_top=&#8221;0&#8243; data_bg_size=&#8221;cover&#8221; data_bg_attachment=&#8221;scroll&#8221; data_bg_repeat=&#8221;no-repeat&#8221; data_bg_position=&#8221;top center&#8221; data_bg_img=&#8221;14480|https:\/\/www.lexpro.mx\/respaldo\/wp-content\/uploads\/2017\/04\/01-300&#215;169.jpg|medium&#8221; data_color=&#8221;default&#8221; data_bot_style=&#8221;default&#8221; data_top_style=&#8221;default&#8221; data_padding_right=&#8221;0&#8243; data_padding_left=&#8221;0&#8243; data_width=&#8221;fullwidth&#8221; data_shortcode_id=&#8221;4d7d3b58f3&#8243;][cmsmasters_column data_width=&#8221;1\/2&#8243; data_shortcode_id=&#8221;fb6259d985&#8243; data_border_style=&#8221;default&#8221;][cmsmasters_featured_block shortcode_id=&#8221;afa754e9b5&#8243; text_width=&#8221;100&#8243; text_position=&#8221;left&#8221; text_padding=&#8221;10% 10% 10% 10%&#8221; text_align=&#8221;left&#8221; fb_bg_color=&#8221;rgba(255,255,255,0)&#8221; bg_img=&#8221;11541|https:\/\/www.lexpro.mx\/respaldo\/wp-content\/uploads\/2016\/06\/01.jpg|full&#8221; bg_position=&#8221;top center&#8221; bg_repeat=&#8221;no-repeat&#8221; bg_attachment=&#8221;scroll&#8221; bg_size=&#8221;cover&#8221; top_padding=&#8221;0&#8243; bottom_padding=&#8221;0&#8243; border_style=&#8221;default&#8221; animation_delay=&#8221;0&#8243;]<\/p>\n<p>[cmsmasters_heading shortcode_id=&#8221;0ed12d4c1b&#8221; type=&#8221;h2&#8243; font_size=&#8221;24&#8243; line_height=&#8221;32&#8243; font_weight=&#8221;300&#8243; font_style=&#8221;normal&#8221; text_align=&#8221;left&#8221; margin_top=&#8221;0&#8243; margin_bottom=&#8221;15&#8243; animation_delay=&#8221;0&#8243;]<strong>\u00bfPor qu\u00e9 acudir a LEX PRO Humanitas?<\/strong>[\/cmsmasters_heading]<\/p>\n<p>En M\u00e9xico existen miles de despachos jur\u00eddicos que dicen ser los mejores, contar con la experiencia y el prestigio, adem\u00e1s de decenas de miles de abogados que ofrecen sus servicios de manera independiente, sin embargo en muchas ocasiones la realidad es muy distinta, en Lex Pro Humanitas nos hemos enfocado en diferenciarnos por ofrecer servicios de calidad, calidez y eficiencia.<\/p>\n<p>Cuando se trata de salvaguardar jur\u00eddicamente la libertad, los derechos y el patrimonio no se deben correr riesgos, estamos conscientes de nuestra responsabilidad y orgullosos de nuestra labor, por ende actuamos con total transparencia y valores, lo cual ha contribuido a que Lex Pro Humanitas se posicione en la actualidad como uno de los despachos m\u00e1s reconocidos en la Ciudad de M\u00e9xico, nuestros socios fundadores y asociados especializados han tenido el honor y la responsabilidad de patrocinar y defender algunos de los casos medi\u00e1ticos m\u00e1s sensibles del pa\u00eds, demostrando uno de los aspectos diferenciadores m\u00e1s importantes de nuestra firma, que es nuestra convicci\u00f3n de que:<\/p>\n<blockquote>\n<div><strong>\u00abLa justicia no debe ser exclusiva de quienes m\u00e1s tienen\u00bb<\/strong><\/div>\n<\/blockquote>\n<p>[\/cmsmasters_featured_block][\/cmsmasters_column][cmsmasters_column data_width=&#8221;1\/2&#8243; data_shortcode_id=&#8221;2yj9n8b2u&#8221; data_border_style=&#8221;default&#8221;]<\/p>\n<p>[cmsmasters_divider shortcode_id=&#8221;4xebr4ns9&#8243; width=&#8221;long&#8221; height=&#8221;0&#8243; style=&#8221;solid&#8221; position=&#8221;center&#8221; margin_top=&#8221;70&#8243; margin_bottom=&#8221;70&#8243; animation_delay=&#8221;0&#8243;]<\/p>\n<p>[cmsmasters_image shortcode_id=&#8221;lpwruzjivc&#8221; align=&#8221;none&#8221; link=&#8221;https:\/\/www.lexpro.mx\/respaldo\/wp-content\/uploads\/2019\/10\/LexPro-Abogados-10.jpg&#8221; animation=&#8221;fadeInUp&#8221; animation_delay=&#8221;0&#8243;]15583|https:\/\/www.lexpro.mx\/respaldo\/wp-content\/uploads\/2019\/10\/LexPro-Abogados-10-580&#215;366.jpg|cmsmasters-blog-masonry-thumb[\/cmsmasters_image][\/cmsmasters_column][\/cmsmasters_row][cmsmasters_row data_padding_bottom=&#8221;0&#8243; data_padding_top=&#8221;0&#8243; data_bg_size=&#8221;cover&#8221; data_bg_attachment=&#8221;scroll&#8221; data_bg_repeat=&#8221;no-repeat&#8221; data_bg_position=&#8221;top center&#8221; data_bg_img=&#8221;14480|https:\/\/www.lexpro.mx\/respaldo\/wp-content\/uploads\/2017\/04\/01-300&#215;169.jpg|medium&#8221; data_color=&#8221;default&#8221; data_bot_style=&#8221;default&#8221; data_top_style=&#8221;default&#8221; data_columns_behavior=&#8221;true&#8221; data_no_margin=&#8221;true&#8221; data_padding_right=&#8221;0&#8243; data_padding_left=&#8221;0&#8243; data_width=&#8221;fullwidth&#8221; data_shortcode_id=&#8221;mfc19axbur&#8221;][cmsmasters_column data_width=&#8221;1\/2&#8243; data_shortcode_id=&#8221;oqgwuwiam6&#8243;][cmsmasters_featured_block shortcode_id=&#8221;gydbrpfcx2&#8243; text_width=&#8221;100&#8243; text_position=&#8221;center&#8221; text_align=&#8221;center&#8221; fb_bg_color=&#8221;rgba(255,255,255,0)&#8221; bg_img=&#8221;14984|https:\/\/www.lexpro.mx\/respaldo\/wp-content\/uploads\/2018\/12\/Lexpro-300&#215;169.jpg|medium&#8221; bg_position=&#8221;center center&#8221; bg_repeat=&#8221;no-repeat&#8221; bg_attachment=&#8221;scroll&#8221; bg_size=&#8221;cover&#8221; top_padding=&#8221;0&#8243; bottom_padding=&#8221;0&#8243; border_style=&#8221;default&#8221; animation_delay=&#8221;0&#8243;]<br \/>\n[\/cmsmasters_featured_block][\/cmsmasters_column][cmsmasters_column data_width=&#8221;1\/2&#8243; data_shortcode_id=&#8221;nk40ug6grj&#8221;][cmsmasters_featured_block shortcode_id=&#8221;3d80ulzt56&#8243; text_width=&#8221;100&#8243; text_position=&#8221;right&#8221; text_padding=&#8221;5% 5% 5% 5%&#8221; text_align=&#8221;left&#8221; bg_img=&#8221;14481|https:\/\/www.lexpro.mx\/respaldo\/wp-content\/uploads\/2017\/04\/02-300&#215;169.jpg|medium&#8221; bg_position=&#8221;top center&#8221; bg_repeat=&#8221;no-repeat&#8221; bg_attachment=&#8221;scroll&#8221; bg_size=&#8221;cover&#8221; top_padding=&#8221;0&#8243; bottom_padding=&#8221;0&#8243; border_style=&#8221;default&#8221; animation_delay=&#8221;0&#8243;]<\/p>\n<div>\n<p>[cmsmasters_heading shortcode_id=&#8221;3d80ulzt56&#8243; type=&#8221;h2&#8243; font_size=&#8221;26&#8243; line_height=&#8221;32&#8243; font_weight=&#8221;300&#8243; font_style=&#8221;normal&#8221; text_align=&#8221;left&#8221;\u00a0color=&#8221;#0f1121&#8243; margin_top=&#8221;0&#8243; margin_bottom=&#8221;15&#8243; custom_check=&#8221;true&#8221; width_monitor=&#8221;1024&#8243; custom_font_size=&#8221;32&#8243; custom_line_height=&#8221;42&#8243;animation_delay=&#8221;0&#8243;]<\/p>\n<div id=\"cmsmasters_heading_1d601efe76\" class=\"cmsmasters_heading_wrap cmsmasters_heading_align_left\">\n<h2 class=\"cmsmasters_heading\"><strong>En <span style=\"color: #c49a6c;\">LEXPRO<\/span> creemos en la justicia y en las leyes como un medio para llegar a ella.<\/strong>[\/cmsmasters_heading]<\/h2>\n<\/div>\n<p>En Lex Pro Humanitas estamos comprometidos con brindarles la mejor atenci\u00f3n en cada uno de los servicios que proveemos, con nosotros ustedes tienen las siguientes ventajas.<\/p>\n<p class=\"_2cuy _3dgx _2vxa\"><strong>Primero:<\/strong>\u00a0adem\u00e1s de la amplia experiencia profesional, todos nuestros abogados cuentan con t\u00edtulo y c\u00e9dula profesional, algunos de ellos con maestr\u00eda y doctorado, en Lex Pro Humanitas sabemos que es muy importante para nuestros clientes y representados conocer la trayectoria de quienes los representan, por ese motivo, la semblanzas de nuestro equipo directivo se encuentra a disposici\u00f3n de todos en este sitio web.<\/p>\n<p class=\"_2cuy _3dgx _2vxa\"><strong>Segundo:<\/strong>\u00a0Somos un despacho jur\u00eddico legalmente constituido, todos nuestros servicios son respaldados por un contrato y un convenio de confidencialidad que les brinda total certeza jur\u00eddica de los costos de cualquier acto jur\u00eddico, con nosotros no hay letras chiquitas, gastos innecesarios o inventados, ni sorpresas negativas.<\/p>\n<p class=\"_2cuy _3dgx _2vxa\"><strong>Tercero:<\/strong>\u00a0Aunque somos un despacho reconocido por nuestra eficiencia y buenos resultados, nuestra visi\u00f3n social nos permite tener costos que se encuentran por debajo de nuestra competencia.<\/p>\n<p class=\"_2cuy _3dgx _2vxa\"><strong>Cuarto:<\/strong>\u00a0En Lex Pro, nos tomamos muy en serio la atenci\u00f3n eficiente y oportuna, creamos grupos personalizados a trav\u00e9s de la tecnolog\u00eda, como pueden ser chats en whats app con cada uno de nuestros representados para resolver cualquier duda o atender inquietudes en tiempo real, por supuesto, nuestro director general participa en todos los chats para dar ese seguimiento.<\/p>\n<p class=\"_2cuy _3dgx _2vxa\"><strong>Quinto:<\/strong>\u00a0Facturamos nuestros servicios, con la finalidad de que los puedas deducir fiscalmente.<\/p>\n<p style=\"text-align: justify;\">[cmsmasters_divider shortcode_id=&#8221;3d80ulzt56&#8243; width=&#8221;long&#8221; height=&#8221;0&#8243; style=&#8221;solid&#8221; position=&#8221;center&#8221; margin_top=&#8221;35&#8243; margin_bottom=&#8221;0&#8243; animation_delay=&#8221;0&#8243;][cmsmasters_button shortcode_id=&#8221;3d80ulzt56&#8243; button_link=&#8221;https:\/\/www.lexpro.mx\/respaldo\/servicios\/&#8221; button_target=&#8221;self&#8221; button_text_align=&#8221;left&#8221; button_font_size=&#8221;14&#8243; button_font_weight=&#8221;500&#8243; button_font_style=&#8221;normal&#8221; button_border_width=&#8221;1&#8243; button_border_style=&#8221;solid&#8221; button_bg_color=&#8221;#c49a6c&#8221; button_text_color=&#8221;#ffffff&#8221; button_border_color=&#8221;#ffffff&#8221; button_bg_color_h=&#8221;#ffffff&#8221; button_text_color_h=&#8221;#242b36&#8243; button_border_color_h=&#8221;#ffffff&#8221; animation_delay=&#8221;0&#8243;]Lee M\u00e1s[\/cmsmasters_button]<\/p>\n<\/div>\n<p>[\/cmsmasters_featured_block][\/cmsmasters_column][\/cmsmasters_row][cmsmasters_row data_padding_bottom_mobile_v=&#8221;50&#8243; data_padding_top_mobile_v=&#8221;50&#8243; data_padding_bottom_mobile_h=&#8221;50&#8243; data_padding_top_mobile_h=&#8221;50&#8243; data_padding_bottom_tablet=&#8221;50&#8243; data_padding_top_tablet=&#8221;50&#8243; data_padding_bottom_laptop=&#8221;95&#8243; data_padding_top_laptop=&#8221;150&#8243; data_resp_vert_pad=&#8221;true&#8221; data_padding_bottom=&#8221;20&#8243; data_padding_top=&#8221;70&#8243; data_bg_color=&#8221;#f9f9fa&#8221; data_color=&#8221;default&#8221; data_bot_style=&#8221;default&#8221; data_top_style=&#8221;default&#8221; data_width=&#8221;boxed&#8221; data_shortcode_id=&#8221;a42bf34507&#8243;][cmsmasters_column data_width=&#8221;1\/1&#8243; data_shortcode_id=&#8221;12027551c0&#8243;][cmsmasters_featured_block shortcode_id=&#8221;b1f53a7bae&#8221; text_width=&#8221;70&#8243; text_position=&#8221;left&#8221; text_padding=&#8221;0px&#8221; text_align=&#8221;left&#8221; fb_bg_color=&#8221;rgba(255,255,255,0)&#8221; top_padding=&#8221;0&#8243; bottom_padding=&#8221;0&#8243; border_style=&#8221;default&#8221; animation_delay=&#8221;0&#8243;]<\/p>\n<p>[cmsmasters_heading shortcode_id=&#8221;4cad6a06b2&#8243; type=&#8221;h2&#8243; font_size=&#8221;36&#8243; line_height=&#8221;42&#8243; font_weight=&#8221;300&#8243; font_style=&#8221;normal&#8221; text_align=&#8221;left&#8221; margin_top=&#8221;0&#8243; margin_bottom=&#8221;0&#8243; animation_delay=&#8221;0&#8243;]<strong>SERVICIOS<\/strong> <span style=\"font-family: 'trebuchet ms', geneva, sans-serif;\"><strong><span style=\"color: #c49a6c;\">DE VANGUARDIA<\/span><\/strong><\/span>[\/cmsmasters_heading]<\/p>\n<p>[\/cmsmasters_featured_block]<\/p>\n<p>[cmsmasters_divider shortcode_id=&#8221;1b0euyijdl&#8221; width=&#8221;long&#8221; height=&#8221;1&#8243; position=&#8221;center&#8221; margin_top=&#8221;50&#8243; margin_bottom=&#8221;50&#8243; animation_delay=&#8221;0&#8243;]<\/p>\n<p>[cmsmasters_text shortcode_id=&#8221;3417e37464&#8243; animation_delay=&#8221;0&#8243;]<\/p>\n<p>Ya sea en materia civil, familiar, penal, corporativo, mercantil, derechos de autor o en servicios jur\u00eddicos inmobiliarios Lex Pro Humanitas evoluciona de acuerdo a las necesidades de nuestros clientes y representados, actualizando continuamente el alcance de nuestros servicios, velando siempre por tu certeza jur\u00eddica, con nosotros encuentras todo en un solo despacho.<\/p>\n<p>Adem\u00e1s, en Lex Pro Humanitas contamos con especialistas para cada rama del derecho los cuales poseen el conocimiento, la experiencia y los valores \u00e9ticos y morales que nos caracterizan.<\/p>\n<p>Somos uno de los pocos despachos en M\u00e9xico que no solo conoce de leyes si no que tambi\u00e9n\u00a0 ha participado en la creaci\u00f3n y en las reformas de las mismas.<\/p>\n<p>Contamos con 4 iniciativas de decreto para reformar el C\u00f3digo Penal Federal, la Ley del Seguro Social, la Ley General de Responsabilidades Administrativas, as\u00ed como a diversos C\u00f3digos Penales Estatales, mismas que pueden consultar en este sitio web, en la secci\u00f3n de publicaciones.<\/p>\n<p>Por todo lo anterior es que podemos asegurarles que al acudir a Lex Pro Humanitas jam\u00e1s acudir\u00e1n a otro despacho, por que realmente no tenemos competencia.<\/p>\n<p style=\"text-align: center;\">Somos mucho m\u00e1s que un Despacho Jur\u00eddico.<\/p>\n<p style=\"text-align: center;\">\u00bfQuieres saber m\u00e1s de nosotros? \u00bfPor qu\u00e9 no nos Googleas?<\/p>\n<p><span style=\"color: #292834; font-size: 20px; line-height: 28px;\">\u00a0<\/span><\/p>\n<p>[\/cmsmasters_text][\/cmsmasters_column][\/cmsmasters_row][cmsmasters_row data_shortcode_id=&#8221;db9b0muvr8&#8243; data_width=&#8221;boxed&#8221; data_top_style=&#8221;default&#8221; data_bot_style=&#8221;default&#8221; data_color=&#8221;default&#8221; data_bg_img=&#8221;11541|https:\/\/www.lexpro.mx\/respaldo\/wp-content\/uploads\/2016\/06\/01.jpg|full&#8221; data_bg_position=&#8221;top center&#8221; data_bg_repeat=&#8221;no-repeat&#8221; data_bg_attachment=&#8221;scroll&#8221; data_bg_size=&#8221;cover&#8221; data_padding_top=&#8221;70&#8243; data_padding_bottom=&#8221;20&#8243;][cmsmasters_column data_width=&#8221;1\/1&#8243; data_bg_position=&#8221;top center&#8221; data_bg_repeat=&#8221;no-repeat&#8221; data_bg_attachment=&#8221;scroll&#8221; data_bg_size=&#8221;cover&#8221; data_border_style=&#8221;default&#8221; data_animation_delay=&#8221;0&#8243; data_shortcode_id=&#8221;9xkt0ae99&#8243;][cmsmasters_featured_block shortcode_id=&#8221;icsg6phf5&#8243; text_width=&#8221;70&#8243; text_position=&#8221;left&#8221; text_padding=&#8221;0px&#8221; text_align=&#8221;left&#8221; fb_bg_color=&#8221;rgba(255,255,255,0)&#8221; top_padding=&#8221;0&#8243; bottom_padding=&#8221;0&#8243; border_style=&#8221;default&#8221; animation_delay=&#8221;0&#8243;]<\/p>\n<p>[cmsmasters_heading shortcode_id=&#8221;icsg6phf5&#8243; type=&#8221;h2&#8243; font_size=&#8221;36&#8243; line_height=&#8221;42&#8243; font_weight=&#8221;300&#8243; font_style=&#8221;normal&#8221; text_align=&#8221;left&#8221; margin_top=&#8221;0&#8243; margin_bottom=&#8221;0&#8243; animation_delay=&#8221;0&#8243;]<strong>PUBLICACIONES<\/strong> <span style=\"font-family: 'trebuchet ms', geneva, sans-serif;\"><strong><span style=\"color: #c49a6c;\">LEXPRO<\/span><\/strong><\/span>[\/cmsmasters_heading]<\/p>\n<p>[\/cmsmasters_featured_block][\/cmsmasters_column][\/cmsmasters_row][cmsmasters_row data_shortcode_id=&#8221;3f9znbqp9c&#8221; data_width=&#8221;boxed&#8221; data_top_style=&#8221;default&#8221; data_bot_style=&#8221;default&#8221; data_color=&#8221;default&#8221; data_bg_img=&#8221;11541|https:\/\/www.lexpro.mx\/respaldo\/wp-content\/uploads\/2016\/06\/01.jpg|full&#8221; data_bg_position=&#8221;top center&#8221; data_bg_repeat=&#8221;no-repeat&#8221; data_bg_attachment=&#8221;scroll&#8221; data_bg_size=&#8221;cover&#8221; data_bg_parallax_ratio=&#8221;0.5&#8243; data_padding_top=&#8221;0&#8243; data_padding_bottom=&#8221;50&#8243;][cmsmasters_column data_width=&#8221;1\/1&#8243; data_bg_position=&#8221;top center&#8221; data_bg_repeat=&#8221;no-repeat&#8221; data_bg_attachment=&#8221;scroll&#8221; data_bg_size=&#8221;cover&#8221; data_border_style=&#8221;default&#8221; data_animation_delay=&#8221;0&#8243; data_shortcode_id=&#8221;29n3kz2lob&#8221;]<\/p>\n<p>[cmsmasters_posts_slider shortcode_id=&#8221;4lvyyq1n0i&#8221; orderby=&#8221;date&#8221; order=&#8221;DESC&#8221; post_type=&#8221;post&#8221; columns=&#8221;4&#8243; count=&#8221;12&#8243; pause=&#8221;5&#8243; blog_metadata=&#8221;title,more&#8221; animation_delay=&#8221;0&#8243;]<\/p>\n<p>[\/cmsmasters_column][\/cmsmasters_row][cmsmasters_row data_shortcode_id=&#8221;f14214dead&#8221; data_width=&#8221;boxed&#8221; data_top_style=&#8221;default&#8221; data_bot_style=&#8221;default&#8221; data_color=&#8221;default&#8221; data_bg_color=&#8221;#f9f9fa&#8221; data_bg_img=&#8221;15448|https:\/\/www.lexpro.mx\/respaldo\/wp-content\/uploads\/2019\/10\/LexPro-Abogados-6.jpg|full&#8221; data_bg_position=&#8221;top center&#8221; data_bg_repeat=&#8221;no-repeat&#8221; data_bg_attachment=&#8221;scroll&#8221; data_bg_size=&#8221;cover&#8221; data_padding_top=&#8221;0&#8243; data_padding_bottom=&#8221;105&#8243;][cmsmasters_column data_width=&#8221;1\/1&#8243; data_shortcode_id=&#8221;c35d19eda5&#8243;][cmsmasters_featured_block shortcode_id=&#8221;81017abd71&#8243; text_width=&#8221;85&#8243; text_position=&#8221;center&#8221; text_align=&#8221;center&#8221; fb_bg_color=&#8221;rgba(255,255,255,0)&#8221; top_padding=&#8221;0&#8243; bottom_padding=&#8221;0&#8243; border_style=&#8221;default&#8221; animation_delay=&#8221;0&#8243;]<\/p>\n<p>&nbsp;<\/p>\n<p>&nbsp;<\/p>\n<p>[cmsmasters_quotes shortcode_id=&#8221;c0d1d56d1b&#8221; mode=&#8221;slider&#8221; speed=&#8221;5&#8243; animation_delay=&#8221;0&#8243;][cmsmasters_quote shortcode_id=&#8221;9bf31c19c6&#8243; name=&#8221;<span style=\"color: #000000;\">Abraham Manilla<\/span>&#8221; subtitle=&#8221;<span style=\"color: #333333;\">Socio Fundador<\/span>&#8220;]<\/p>\n<div style=\"text-align: center;\">\n<p><span style=\"color: #ffffff;\">\u201cSomos un grupo de profesionales del derecho trabajando para resolver situaciones jur\u00eddicas con enfoque humanista.\u201d<\/span><\/p>\n<\/div>\n<p>[\/cmsmasters_quote][cmsmasters_quote shortcode_id=&#8221;85b0e64ccd&#8221; name=&#8221;<span style=\"color: #ffffff;\">Violeta Bravo<\/span>&#8221; subtitle=&#8221;<span style=\"color: #ffffff;\">Socio Asociado<\/span>&#8220;]<\/p>\n<div style=\"text-align: center;\"><span style=\"color: #ffffff;\">\u201cExcelencia y calidad son conceptos que nos caracterizan como equipo de trabajo en pro de los requerimientos legales de nuestros clientes.\u201d<\/span><\/div>\n<div><\/div>\n<p>[\/cmsmasters_quote][cmsmasters_quote shortcode_id=&#8221;0b0f51d61b&#8221; name=&#8221;<span style=\"color: #ffffff;\">Francisco Hern\u00e1ndez<\/span>&#8221; subtitle=&#8221;<span style=\"color: #ffffff;\">Socio Fundador<\/span>&#8220;]<\/p>\n<div style=\"text-align: center;\"><span style=\"color: #ffffff;\">\u201cNo puede existir JUSTICIA sin la reparaci\u00f3n del da\u00f1o adecuada, nosotros lo logramos por ti y por tus seres queridos.\u201d<\/span><\/div>\n<p>[\/cmsmasters_quote][\/cmsmasters_quotes]<\/p>\n<p>[\/cmsmasters_featured_block][\/cmsmasters_column][\/cmsmasters_row][cmsmasters_row data_padding_bottom=&#8221;0&#8243; data_padding_top=&#8221;0&#8243; data_color=&#8221;default&#8221; data_bot_style=&#8221;default&#8221; data_top_style=&#8221;default&#8221; data_merge=&#8221;true&#8221; data_width=&#8221;boxed&#8221; data_shortcode_id=&#8221;5a98a0dc77&#8243;][cmsmasters_column data_width=&#8221;1\/1&#8243; data_shortcode_id=&#8221;9f90cabee4&#8243;][cmsmasters_css shortcode_id=&#8221;3d4753a5d3&#8243;]LmNtc21hc3RlcnNfaG9tZV93aWRnZXRfd3lzaWphIC5tYWlscG9ldF9wYXJhZ3JhcGggaW5wdXQ6bm90KFt0eXBlPWJ1dHRvbl0pOm5vdChbdHlwZT1jaGVja2JveF0pOm5vdChbdHlwZT1maWxlXSk6bm90KFt0eXBlPWhpZGRlbl0pOm5vdChbdHlwZT1pbWFnZV0pOm5vdChbdHlwZT1yYWRpb10pOm5vdChbdHlwZT1yZXNldF0pOm5vdChbdHlwZT1zdWJtaXRdKTpub3QoW3R5cGU9Y29sb3JdKTpub3QoW3R5cGU9cmFuZ2VdKSB7Cgljb2xvcjojZmZmZmZmOwoJYmFja2dyb3VuZC1jb2xvcjp0cmFuc3BhcmVudDsKCWJvcmRlci1jb2xvcjpyZ2JhKDI1NSwgMjU1LCAyNTUsIC41KTsKfQoKLmNtc21hc3RlcnNfaG9tZV93aWRnZXRfd3lzaWphIC5tYWlscG9ldF9wYXJhZ3JhcGggaW5wdXQ6Oi13ZWJraXQtaW5wdXQtcGxhY2Vob2xkZXIgewoJY29sb3I6I2ZmZmZmZjsKfQoKLmNtc21hc3RlcnNfaG9tZV93aWRnZXRfd3lzaWphIC5tYWlscG9ldF9wYXJhZ3JhcGggaW5wdXQ6LW1vei1wbGFjZWhvbGRlciB7Cgljb2xvcjojZmZmZmZmOwp9CgouY21zbWFzdGVyc19ob21lX3dpZGdldF93eXNpamEgLm1haWxwb2V0X3N1Ym1pdCB7Cgljb2xvcjojMzEzMTMxOwoJYmFja2dyb3VuZC1jb2xvcjojZmZmZmZmOwoJYm9yZGVyLWNvbG9yOiNmZmZmZmY7Cn0KCi5jbXNtYXN0ZXJzX2hvbWVfd2lkZ2V0X3d5c2lqYSAubWFpbHBvZXRfc3VibWl0OmhvdmVyIHsKCWNvbG9yOiNmZmZmZmY7CgliYWNrZ3JvdW5kLWNvbG9yOnRyYW5zcGFyZW50OwoJYm9yZGVyLWNvbG9yOiNmZmZmZmY7Cn0KCkBtZWRpYSBvbmx5IHNjcmVlbiBhbmQgKG1heC13aWR0aDogNTQwcHgpIHsKCS5jbXNtYXN0ZXJzX2hvbWVfd2lkZ2V0X3d5c2lqYSAubWFpbHBvZXRfcGFyYWdyYXBoIGlucHV0Om5vdChbdHlwZT1idXR0b25dKTpub3QoW3R5cGU9Y2hlY2tib3hdKTpub3QoW3R5cGU9ZmlsZV0pOm5vdChbdHlwZT1oaWRkZW5dKTpub3QoW3R5cGU9aW1hZ2VdKTpub3QoW3R5cGU9cmFkaW9dKTpub3QoW3R5cGU9cmVzZXRdKTpub3QoW3R5cGU9c3VibWl0XSk6bm90KFt0eXBlPWNvbG9yXSk6bm90KFt0eXBlPXJhbmdlXSkgewoJCWJvcmRlci1yaWdodDoxcHggc29saWQgcmdiYSgyNTUsIDI1NSwgMjU1LCAuNSk7Cgl9Cn0=[\/cmsmasters_css][\/cmsmasters_column][\/cmsmasters_row]\n","protected":false},"excerpt":{"rendered":"<p>[cmsmasters_row data_padding_bottom=&#8221;0&#8243; data_padding_top=&#8221;0&#8243; data_color=&#8221;default&#8221; data_bot_style=&#8221;default&#8221; data_top_style=&#8221;default&#8221; data_padding_right=&#8221;0&#8243; data_padding_left=&#8221;0&#8243; data_width=&#8221;fullwidth&#8221; data_shortcode_id=&#8221;add9d56971&#8243;][cmsmasters_column data_width=&#8221;1\/1&#8243; data_shortcode_id=&#8221;53cea9b554&#8243;] [cmsmasters_slider shortcode_id=&#8221;455938621b&#8221; slider_plugin=&#8221;rev&#8221; slider_rev=&#8221;Home App Slider&#8221;] [\/cmsmasters_column][\/cmsmasters_row][cmsmasters_row data_padding_bottom=&#8221;0&#8243; data_padding_top=&#8221;0&#8243; data_bg_size=&#8221;cover&#8221; data_bg_attachment=&#8221;scroll&#8221; data_bg_repeat=&#8221;no-repeat&#8221; data_bg_position=&#8221;top center&#8221; data_bg_img=&#8221;14480|https:\/\/www.lexpro.mx\/respaldo\/wp-content\/uploads\/2017\/04\/01-300&#215;169.jpg|medium&#8221; data_color=&#8221;default&#8221; data_bot_style=&#8221;default&#8221; data_top_style=&#8221;default&#8221; data_padding_right=&#8221;0&#8243; data_padding_left=&#8221;0&#8243; data_width=&#8221;fullwidth&#8221; data_shortcode_id=&#8221;4d7d3b58f3&#8243;][cmsmasters_column data_width=&#8221;1\/2&#8243; data_shortcode_id=&#8221;fb6259d985&#8243; data_border_style=&#8221;default&#8221;][cmsmasters_featured_block shortcode_id=&#8221;afa754e9b5&#8243; text_width=&#8221;100&#8243; text_position=&#8221;left&#8221; text_padding=&#8221;10% 10% 10% 10%&#8221; text_align=&#8221;left&#8221; fb_bg_color=&#8221;rgba(255,255,255,0)&#8221; bg_img=&#8221;11541|https:\/\/www.lexpro.mx\/respaldo\/wp-content\/uploads\/2016\/06\/01.jpg|full&#8221; bg_position=&#8221;top center&#8221; bg_repeat=&#8221;no-repeat&#8221; bg_attachment=&#8221;scroll&#8221; bg_size=&#8221;cover&#8221; top_padding=&#8221;0&#8243; bottom_padding=&#8221;0&#8243; border_style=&#8221;default&#8221;&#8230;<\/p>\n","protected":false},"author":4,"featured_media":0,"parent":0,"menu_order":0,"comment_status":"closed","ping_status":"closed","template":"","meta":[],"_links":{"self":[{"href":"https:\/\/www.lexpro.mx\/respaldo\/wp-json\/wp\/v2\/pages\/7366"}],"collection":[{"href":"https:\/\/www.lexpro.mx\/respaldo\/wp-json\/wp\/v2\/pages"}],"about":[{"href":"https:\/\/www.lexpro.mx\/respaldo\/wp-json\/wp\/v2\/types\/page"}],"author":[{"embeddable":true,"href":"https:\/\/www.lexpro.mx\/respaldo\/wp-json\/wp\/v2\/users\/4"}],"replies":[{"embeddable":true,"href":"https:\/\/www.lexpro.mx\/respaldo\/wp-json\/wp\/v2\/comments?post=7366"}],"version-history":[{"count":215,"href":"https:\/\/www.lexpro.mx\/respaldo\/wp-json\/wp\/v2\/pages\/7366\/revisions"}],"predecessor-version":[{"id":16331,"href":"https:\/\/www.lexpro.mx\/respaldo\/wp-json\/wp\/v2\/pages\/7366\/revisions\/16331"}],"wp:attachment":[{"href":"https:\/\/www.lexpro.mx\/respaldo\/wp-json\/wp\/v2\/media?parent=7366"}],"curies":[{"name":"wp","href":"https:\/\/api.w.org\/{rel}","templated":true}]}}